{"id":36,"date":"2017-04-30T17:41:17","date_gmt":"2017-04-30T15:41:17","guid":{"rendered":"http:\/\/www.chateaulesbertrands.com\/presentation\/"},"modified":"2022-09-06T13:04:22","modified_gmt":"2022-09-06T11:04:22","slug":"presentation","status":"publish","type":"page","link":"https:\/\/www.chateaulesbertrands.com\/en\/","title":{"rendered":"Presentation"},"content":{"rendered":"<p>[vc_row layout=&#8221;fullwidth-visible&#8221; el_id=&#8221;banner-header&#8221;][vc_column][vc_single_image image=&#8221;2229&#8243; img_size=&#8221;full&#8221; alignment=&#8221;center&#8221;][\/vc_column][\/vc_row][vc_row layout=&#8221;boxed&#8221; css=&#8221;.vc_custom_1662462094567{margin-bottom: 50px !important;}&#8221;][vc_column][vc_video link=&#8221;https:\/\/youtu.be\/BsiUfvJgEcc&#8221; el_width=&#8221;70&#8243; align=&#8221;center&#8221;][\/vc_column][\/vc_row][vc_row layout=&#8221;boxed&#8221;][vc_column][vc_column_text]<\/p>\n<h2>Dubois Vineyard<br \/>\n<small>Ch\u00e2teau Les Bertrands<\/small><\/h2>\n<p>[\/vc_column_text][\/vc_column][\/vc_row][vc_row layout=&#8221;boxed&#8221;][vc_column offset=&#8221;vc_col-lg-6&#8243;][vc_column_text]Located in Reignac de Blaye on the right bank of the Gironde (Aquitaine region), Ch\u00e2teau Les Bertrands offers a wide range of wines Blaye-C\u00f4tes de Bordeaux Red &amp; White as well as Bordeaux Clairet and Bordeaux Sup\u00e9rieur Moelleux.<br \/>\nTastings to property are possible, and you can buy wine on-site or through our online store.<br \/>\nLet yourself be seduced by the powerful and fruity character of the Great Wines of Bordeaux.[\/vc_column_text][vc_row_inner][vc_column_inner offset=&#8221;vc_col-lg-6&#8243;][vc_column_text]<\/p>\n<h2>Strength from our Root<br \/>\n<small>From generation to generation<\/small><\/h2>\n<p>Three centuries ago during the Vauban period, our ancestor Fran\u00e7ois Dubois, planted his first vines on the hillsides in Reignac de Blaye. Nine generations later, we are still present, and very proud to continue this marvelous family history with the same enthusiasm and motivation which strongly links us to our land, vines ans wine.<\/p>\n<p>Jean-Pierre and Nicole for the last forty years, Laurent since 1993, his wife Isabelle and his sister Sophie since 2004, together parents and children, have been working together in close collaboration to cultivate our noble products from our Ch\u00e2teau Les Bertrands and our Blaye-C\u00f4tes de Bordeaux.[\/vc_column_text][\/vc_column_inner][vc_column_inner offset=&#8221;vc_col-lg-6&#8243;][vc_column_text]<\/p>\n<h2>Our vines<br \/>\n<small>Great diversity of terroirs<\/small><\/h2>\n<p>Over the years, successive investment in vines has enabled us to extend the size of our vineyard to an area of an hundred hectares. Today, different plots on hillsides and slopes are ideally exposed to the sun from midday to sunset. Here, our Merlot and Cabernet for reds and ros\u00e9s, Sauvignon and Muscadelle for whites, plunge their roots in gravelly sandy and stony soil which deepens to a clayey-gravelly sub-soil.<\/p>\n<p>It is this variety of soils ans their exposure which give our wines such a wide range of nuances and expression ![\/vc_column_text][\/vc_column_inner][\/vc_row_inner][\/vc_column][vc_column offset=&#8221;vc_col-lg-6&#8243;][vc_single_image image=&#8221;301&#8243; img_size=&#8221;full&#8221; alignment=&#8221;center&#8221;][\/vc_column][\/vc_row][vc_row layout=&#8221;boxed&#8221;][vc_column][vc_single_image image=&#8221;31&#8243; img_size=&#8221;full&#8221; alignment=&#8221;center&#8221;][\/vc_column][\/vc_row]<\/p>\n","protected":false},"excerpt":{"rendered":"<p>[vc_row layout=&#8221;fullwidth-visible&#8221; el_id=&#8221;banner-header&#8221;][vc_column][vc_single_image image=&#8221;2229&#8243; img_size=&#8221;full&#8221; alignment=&#8221;center&#8221;][\/vc_column][\/vc_row][vc_row layout=&#8221;boxed&#8221; css=&#8221;.vc_custom_1662462094567{margin-bottom: 50px !important;}&#8221;][vc_column][vc_video link=&#8221;https:\/\/youtu.be\/BsiUfvJgEcc&#8221; el_width=&#8221;70&#8243; align=&#8221;center&#8221;][\/vc_column][\/vc_row][vc_row layout=&#8221;boxed&#8221;][vc_column][vc_column_text] Dubois Vineyard Ch\u00e2teau Les Bertrands [\/vc_column_text][\/vc_column][\/vc_row][vc_row layout=&#8221;boxed&#8221;][vc_column offset=&#8221;vc_col-lg-6&#8243;][vc_column_text]Located in Reignac de Blaye on the right bank of the Gironde (Aquitaine region), Ch\u00e2teau Les Bertrands offers a wide range of wines Blaye-C\u00f4tes de Bordeaux Red &amp; White as well as Bordeaux Clairet [&hellip;]<\/p>\n","protected":false},"author":1,"featured_media":0,"parent":0,"menu_order":0,"comment_status":"closed","ping_status":"open","template":"","meta":{"footnotes":""},"class_list":["post-36","page","type-page","status-publish","hentry"],"_links":{"self":[{"href":"https:\/\/www.chateaulesbertrands.com\/en\/wp-json\/wp\/v2\/pages\/36","targetHints":{"allow":["GET"]}}],"collection":[{"href":"https:\/\/www.chateaulesbertrands.com\/en\/wp-json\/wp\/v2\/pages"}],"about":[{"href":"https:\/\/www.chateaulesbertrands.com\/en\/wp-json\/wp\/v2\/types\/page"}],"author":[{"embeddable":true,"href":"https:\/\/www.chateaulesbertrands.com\/en\/wp-json\/wp\/v2\/users\/1"}],"replies":[{"embeddable":true,"href":"https:\/\/www.chateaulesbertrands.com\/en\/wp-json\/wp\/v2\/comments?post=36"}],"version-history":[{"count":16,"href":"https:\/\/www.chateaulesbertrands.com\/en\/wp-json\/wp\/v2\/pages\/36\/revisions"}],"predecessor-version":[{"id":2301,"href":"https:\/\/www.chateaulesbertrands.com\/en\/wp-json\/wp\/v2\/pages\/36\/revisions\/2301"}],"wp:attachment":[{"href":"https:\/\/www.chateaulesbertrands.com\/en\/wp-json\/wp\/v2\/media?parent=36"}],"curies":[{"name":"wp","href":"https:\/\/api.w.org\/{rel}","templated":true}]}}