{"id":2,"date":"2017-04-30T00:52:16","date_gmt":"2017-04-29T22:52:16","guid":{"rendered":"http:\/\/www.chateaulesbertrands.com\/?page_id=2"},"modified":"2025-04-14T11:53:48","modified_gmt":"2025-04-14T09:53:48","slug":"page-d-exemple","status":"publish","type":"page","link":"https:\/\/www.chateaulesbertrands.com\/fr\/","title":{"rendered":"Pr\u00e9sentation"},"content":{"rendered":"<p>[vc_row layout=\u00a0\u00bbfullwidth-visible\u00a0\u00bb el_id=\u00a0\u00bbbanner-header\u00a0\u00bb][vc_column][vc_single_image image=\u00a0\u00bb149&Prime; img_size=\u00a0\u00bbfull\u00a0\u00bb alignment=\u00a0\u00bbcenter\u00a0\u00bb][\/vc_column][\/vc_row][vc_row layout=\u00a0\u00bbboxed\u00a0\u00bb css=\u00a0\u00bb.vc_custom_1662462094567{margin-bottom: 50px !important;}\u00a0\u00bb][vc_column][vc_video link=\u00a0\u00bbhttps:\/\/youtu.be\/BsiUfvJgEcc\u00a0\u00bb el_width=\u00a0\u00bb70&Prime; align=\u00a0\u00bbcenter\u00a0\u00bb][\/vc_column][\/vc_row][vc_row layout=\u00a0\u00bbboxed\u00a0\u00bb][vc_column][vc_column_text]<\/p>\n<h2>Vignobles Dubois<br \/>\n<small>Ch\u00e2teau Les Bertrands<\/small><\/h2>\n<p>[\/vc_column_text][\/vc_column][\/vc_row][vc_row layout=\u00a0\u00bbboxed\u00a0\u00bb][vc_column offset=\u00a0\u00bbvc_col-lg-6&Prime;][vc_column_text]Situ\u00e9 \u00e0 Reignac de Blaye <strong>sur la rive droite<\/strong> de la Gironde (r\u00e9gion Aquitaine), le <strong>Ch\u00e2teau Les Bertrands<\/strong> vous offre une large gamme de vins en Blaye-C\u00f4tes de Bordeaux Rouges &amp; Blancs ainsi qu&rsquo;en Bordeaux Clairet et Bordeaux Sup\u00e9rieur Moelleux.<br \/>\n<strong>Des d\u00e9gustations<\/strong> \u00e0 la propri\u00e9t\u00e9 sont possibles, et vous pourrez acheter les vins sur place ou par le biais de notre boutique en ligne.<br \/>\nLaissez vous s\u00e9duire par le caract\u00e8re puissant et fruit\u00e9 de ces <strong>Grands Vins de Bordeaux<\/strong>&#8230;[\/vc_column_text][vc_row_inner][vc_column_inner offset=\u00a0\u00bbvc_col-lg-6&Prime;][vc_column_text]<\/p>\n<h2>La force des racines<br \/>\n<small>De g\u00e9n\u00e9ration en g\u00e9n\u00e9ration<\/small><\/h2>\n<p>Il y a trois si\u00e8cles, au temps de Vauban, notre anc\u00eatre Fran\u00e7ois Dubois plantait sa premi\u00e8re vigne sur les hauteurs de Reignac de Blaye. <strong>Neuf g\u00e9n\u00e9rations plus tard<\/strong>, nous sommes toujours l\u00e0, fiers de poursuivre avec la m\u00eame foi et la m\u00eame fougue cette belle histoire familiale qui nous lie si fortement \u00e0 la terre, \u00e0 la vigne et au vin.<\/p>\n<p><strong>Jean-Pierre<\/strong> et <strong>Nicole<\/strong> depuis une quarantaine d&rsquo;ann\u00e9es, <strong>Laurent<\/strong> depuis 1993\u00a0et sa s\u0153ur <strong>Sophie<\/strong> depuis 2004, ensemble, parents et enfants, mettons tout en \u0153uvre pour cultiver les lettres de noblesse de notre Ch\u00e2teau Les Bertrands et de l&rsquo;appellation Blaye C\u00f4tes de Bordeaux.[\/vc_column_text][\/vc_column_inner][vc_column_inner offset=\u00a0\u00bbvc_col-lg-6&Prime;][vc_column_text]<\/p>\n<h2>Nos vignes<br \/>\n<small>Grande diversit\u00e9 des terroirs<\/small><\/h2>\n<p>Au fil des ans, des acquisitions successives nous ont permis de porter \u00e0 <strong>une centaine d&rsquo;hectares<\/strong> la superficie du vignoble. Aujourd&rsquo;hui, ses diff\u00e9rentes parcelles occupent des plateaux et des pentes id\u00e9alement expos\u00e9es au soleil du midi et du couchant. L\u00e0, nos vignes de <strong>Malbec<\/strong>, <strong>Merlot<\/strong> et de <strong>Cabernets<\/strong> en rouge et en ros\u00e9, de <strong>Sauvignon<\/strong> et de <strong>Muscadelle<\/strong> en blanc plongent leurs racines dans les sols de graves, de sables et de cailloux qui s&rsquo;appuient sur un sous-sol argilo-graveleux.<\/p>\n<p>C&rsquo;est cette grande diversit\u00e9 des terroirs et des expositions qui apporte \u00e0 nos vins une si belle palette de nuances et d&rsquo;expressions ![\/vc_column_text][\/vc_column_inner][\/vc_row_inner][\/vc_column][vc_column offset=\u00a0\u00bbvc_col-lg-6&Prime;][vc_single_image image=\u00a0\u00bb2119&Prime; img_size=\u00a0\u00bbfull\u00a0\u00bb alignment=\u00a0\u00bbcenter\u00a0\u00bb][\/vc_column][\/vc_row][vc_row layout=\u00a0\u00bbboxed\u00a0\u00bb][vc_column][vc_single_image image=\u00a0\u00bb31&Prime; img_size=\u00a0\u00bbfull\u00a0\u00bb alignment=\u00a0\u00bbcenter\u00a0\u00bb][\/vc_column][\/vc_row]<\/p>\n","protected":false},"excerpt":{"rendered":"<p>[vc_row layout=\u00a0\u00bbfullwidth-visible\u00a0\u00bb el_id=\u00a0\u00bbbanner-header\u00a0\u00bb][vc_column][vc_single_image image=\u00a0\u00bb149&Prime; img_size=\u00a0\u00bbfull\u00a0\u00bb alignment=\u00a0\u00bbcenter\u00a0\u00bb][\/vc_column][\/vc_row][vc_row layout=\u00a0\u00bbboxed\u00a0\u00bb css=\u00a0\u00bb.vc_custom_1662462094567{margin-bottom: 50px !important;}\u00a0\u00bb][vc_column][vc_video link=\u00a0\u00bbhttps:\/\/youtu.be\/BsiUfvJgEcc\u00a0\u00bb el_width=\u00a0\u00bb70&Prime; align=\u00a0\u00bbcenter\u00a0\u00bb][\/vc_column][\/vc_row][vc_row layout=\u00a0\u00bbboxed\u00a0\u00bb][vc_column][vc_column_text] Vignobles Dubois Ch\u00e2teau Les Bertrands [\/vc_column_text][\/vc_column][\/vc_row][vc_row layout=\u00a0\u00bbboxed\u00a0\u00bb][vc_column offset=\u00a0\u00bbvc_col-lg-6&Prime;][vc_column_text]Situ\u00e9 \u00e0 Reignac de Blaye sur la rive droite de la Gironde (r\u00e9gion Aquitaine), le Ch\u00e2teau Les Bertrands vous offre une large gamme de vins en Blaye-C\u00f4tes de Bordeaux Rouges &amp; Blancs ainsi qu&rsquo;en [&hellip;]<\/p>\n","protected":false},"author":1,"featured_media":0,"parent":0,"menu_order":0,"comment_status":"closed","ping_status":"open","template":"","meta":{"footnotes":""},"class_list":["post-2","page","type-page","status-publish","hentry"],"_links":{"self":[{"href":"https:\/\/www.chateaulesbertrands.com\/fr\/wp-json\/wp\/v2\/pages\/2","targetHints":{"allow":["GET"]}}],"collection":[{"href":"https:\/\/www.chateaulesbertrands.com\/fr\/wp-json\/wp\/v2\/pages"}],"about":[{"href":"https:\/\/www.chateaulesbertrands.com\/fr\/wp-json\/wp\/v2\/types\/page"}],"author":[{"embeddable":true,"href":"https:\/\/www.chateaulesbertrands.com\/fr\/wp-json\/wp\/v2\/users\/1"}],"replies":[{"embeddable":true,"href":"https:\/\/www.chateaulesbertrands.com\/fr\/wp-json\/wp\/v2\/comments?post=2"}],"version-history":[{"count":48,"href":"https:\/\/www.chateaulesbertrands.com\/fr\/wp-json\/wp\/v2\/pages\/2\/revisions"}],"predecessor-version":[{"id":3428,"href":"https:\/\/www.chateaulesbertrands.com\/fr\/wp-json\/wp\/v2\/pages\/2\/revisions\/3428"}],"wp:attachment":[{"href":"https:\/\/www.chateaulesbertrands.com\/fr\/wp-json\/wp\/v2\/media?parent=2"}],"curies":[{"name":"wp","href":"https:\/\/api.w.org\/{rel}","templated":true}]}}