{"id":51,"date":"2017-04-30T18:47:32","date_gmt":"2017-04-30T16:47:32","guid":{"rendered":"http:\/\/www.chateaulesbertrands.com\/?page_id=51\/"},"modified":"2022-09-06T12:50:21","modified_gmt":"2022-09-06T10:50:21","slug":"vignoble-et-chai","status":"publish","type":"page","link":"https:\/\/www.chateaulesbertrands.com\/fr\/vignoble-et-chai\/","title":{"rendered":"Vignoble &#038; Chai"},"content":{"rendered":"<p>[vc_row layout=\u00a0\u00bbfullwidth-visible\u00a0\u00bb el_id=\u00a0\u00bbbanner-header\u00a0\u00bb][vc_column][vc_single_image image=\u00a0\u00bb2239&Prime; img_size=\u00a0\u00bbfull\u00a0\u00bb alignment=\u00a0\u00bbcenter\u00a0\u00bb][\/vc_column][\/vc_row][vc_row layout=\u00a0\u00bbboxed\u00a0\u00bb][vc_column][vc_column_text]<\/p>\n<h3 style=\"text-align: center;\">Travailler la vigne le plus naturellement possible,<br \/>\nr\u00e9unir toutes les conditions pour faire na\u00eetre de grands vins&#8230;<\/h3>\n<p>[\/vc_column_text][vc_single_image image=\u00a0\u00bb82&Prime; img_size=\u00a0\u00bbfull\u00a0\u00bb alignment=\u00a0\u00bbcenter\u00a0\u00bb][vc_column_text]<\/p>\n<h2>Vignoble &amp; Chai<br \/>\n<small>L&rsquo;Exigence d&rsquo;Authenticit\u00e9 et de Perfection<\/small><\/h2>\n<p>[\/vc_column_text][\/vc_column][\/vc_row][vc_row layout=\u00a0\u00bbboxed\u00a0\u00bb][vc_column offset=\u00a0\u00bbvc_col-lg-6&Prime;][vc_row_inner][vc_column_inner offset=\u00a0\u00bbvc_col-lg-6&Prime;][vc_column_text]Au Ch\u00e2teau Les Bertrands, nos choix visent \u00e0 enrichir notre <strong>longue tradition familiale<\/strong> de tous les savoirs d&rsquo;aujourd&rsquo;hui. C&rsquo;est pour cela que nous pratiquons la <strong>viticulture raisonn\u00e9e<\/strong> depuis 1996. Ce qui veut dire : implantation d&rsquo;une <strong>station m\u00e9t\u00e9o<\/strong> au c\u0153ur du vignoble pour une surveillance quotidienne, pr\u00e9vention des attaques dans la vigne, traitements r\u00e9duits au strict minimum.<br \/>\nC&rsquo;est pour cela encore que tous les soins apport\u00e9s \u00e0 la vigne, de la taille \u00e0 l&rsquo;enherbement des rangs, du palissage aux vendanges en vert, concourent \u00e0 r\u00e9colter des raisins \u00e0 <strong>l&rsquo;optimum de leur maturit\u00e9<\/strong>.[\/vc_column_text][\/vc_column_inner][vc_column_inner offset=\u00a0\u00bbvc_col-lg-6&Prime;][vc_column_text]Tri\u00e9s sur table, ils sont vinifi\u00e9s en <strong>cuves thermor\u00e9gul\u00e9es<\/strong> et b\u00e9n\u00e9ficient de param\u00e8tres d&rsquo;\u00e9levage qui visent \u00e0 exalter leur caract\u00e8re.<br \/>\nExigence de respect du terroir et des c\u00e9pages, volont\u00e9 de faire comprendre, aimer nos vins : nos derniers investissements t\u00e9moignent de cette double ambition. Ils ont port\u00e9 sur la construction d&rsquo;un chai d&rsquo;\u00e9levage enterr\u00e9 d&rsquo;une capacit\u00e9 de <strong>plusieurs<\/strong> <strong>centaines de barriques<\/strong>, celle d&rsquo;une <strong>cave de stockage<\/strong> pour une offre portant sur plusieurs mill\u00e9simes et sur l&rsquo;am\u00e9nagement d&rsquo;une vaste <strong>salle de r\u00e9ception<\/strong> pour accueillir le public, les groupes, les clubs de d\u00e9gustation.[\/vc_column_text][\/vc_column_inner][\/vc_row_inner][\/vc_column][vc_column offset=\u00a0\u00bbvc_col-lg-6&Prime;][vc_single_image image=\u00a0\u00bb2188&Prime; img_size=\u00a0\u00bbfull\u00a0\u00bb alignment=\u00a0\u00bbcenter\u00a0\u00bb][\/vc_column][\/vc_row][vc_row layout=\u00a0\u00bbboxed\u00a0\u00bb][vc_column][vc_column_text]<\/p>\n<h3 class=\"red\" style=\"text-align: center;\">\u00a0Voil\u00e0 comment notre Ch\u00e2teau t\u00e9moigne<br \/>\nde notre go\u00fbt du partage !<\/h3>\n<p>[\/vc_column_text][vc_row_inner][vc_column_inner width=\u00a0\u00bb1\/4&Prime;][vc_single_image image=\u00a0\u00bb2191&Prime; img_size=\u00a0\u00bbfull\u00a0\u00bb alignment=\u00a0\u00bbcenter\u00a0\u00bb][\/vc_column_inner][vc_column_inner width=\u00a0\u00bb1\/4&Prime;][vc_single_image image=\u00a0\u00bb91&Prime; img_size=\u00a0\u00bbfull\u00a0\u00bb alignment=\u00a0\u00bbcenter\u00a0\u00bb][\/vc_column_inner][vc_column_inner width=\u00a0\u00bb1\/4&Prime;][vc_single_image image=\u00a0\u00bb2194&Prime; img_size=\u00a0\u00bbfull\u00a0\u00bb alignment=\u00a0\u00bbcenter\u00a0\u00bb][\/vc_column_inner][vc_column_inner width=\u00a0\u00bb1\/4&Prime;][vc_single_image image=\u00a0\u00bb93&Prime; img_size=\u00a0\u00bbfull\u00a0\u00bb alignment=\u00a0\u00bbcenter\u00a0\u00bb][\/vc_column_inner][\/vc_row_inner][\/vc_column][\/vc_row]<\/p>\n","protected":false},"excerpt":{"rendered":"<p>[vc_row layout=\u00a0\u00bbfullwidth-visible\u00a0\u00bb el_id=\u00a0\u00bbbanner-header\u00a0\u00bb][vc_column][vc_single_image image=\u00a0\u00bb2239&Prime; img_size=\u00a0\u00bbfull\u00a0\u00bb alignment=\u00a0\u00bbcenter\u00a0\u00bb][\/vc_column][\/vc_row][vc_row layout=\u00a0\u00bbboxed\u00a0\u00bb][vc_column][vc_column_text] Travailler la vigne le plus naturellement possible, r\u00e9unir toutes les conditions pour faire na\u00eetre de grands vins&#8230; [\/vc_column_text][vc_single_image image=\u00a0\u00bb82&Prime; img_size=\u00a0\u00bbfull\u00a0\u00bb alignment=\u00a0\u00bbcenter\u00a0\u00bb][vc_column_text] Vignoble &amp; Chai L&rsquo;Exigence d&rsquo;Authenticit\u00e9 et de Perfection [\/vc_column_text][\/vc_column][\/vc_row][vc_row layout=\u00a0\u00bbboxed\u00a0\u00bb][vc_column offset=\u00a0\u00bbvc_col-lg-6&Prime;][vc_row_inner][vc_column_inner offset=\u00a0\u00bbvc_col-lg-6&Prime;][vc_column_text]Au Ch\u00e2teau Les Bertrands, nos choix visent \u00e0 enrichir notre longue tradition familiale de tous les [&hellip;]<\/p>\n","protected":false},"author":1,"featured_media":0,"parent":0,"menu_order":0,"comment_status":"closed","ping_status":"closed","template":"","meta":{"footnotes":""},"class_list":["post-51","page","type-page","status-publish","hentry"],"_links":{"self":[{"href":"https:\/\/www.chateaulesbertrands.com\/fr\/wp-json\/wp\/v2\/pages\/51","targetHints":{"allow":["GET"]}}],"collection":[{"href":"https:\/\/www.chateaulesbertrands.com\/fr\/wp-json\/wp\/v2\/pages"}],"about":[{"href":"https:\/\/www.chateaulesbertrands.com\/fr\/wp-json\/wp\/v2\/types\/page"}],"author":[{"embeddable":true,"href":"https:\/\/www.chateaulesbertrands.com\/fr\/wp-json\/wp\/v2\/users\/1"}],"replies":[{"embeddable":true,"href":"https:\/\/www.chateaulesbertrands.com\/fr\/wp-json\/wp\/v2\/comments?post=51"}],"version-history":[{"count":17,"href":"https:\/\/www.chateaulesbertrands.com\/fr\/wp-json\/wp\/v2\/pages\/51\/revisions"}],"predecessor-version":[{"id":2286,"href":"https:\/\/www.chateaulesbertrands.com\/fr\/wp-json\/wp\/v2\/pages\/51\/revisions\/2286"}],"wp:attachment":[{"href":"https:\/\/www.chateaulesbertrands.com\/fr\/wp-json\/wp\/v2\/media?parent=51"}],"curies":[{"name":"wp","href":"https:\/\/api.w.org\/{rel}","templated":true}]}}