{"id":1712,"date":"2021-03-15T09:55:58","date_gmt":"2021-03-15T08:55:58","guid":{"rendered":"https:\/\/www.chateaulesbertrands.com\/?post_type=product&#038;p=1712"},"modified":"2026-01-26T11:32:36","modified_gmt":"2026-01-26T10:32:36","slug":"cuvee-prestige-rouge3","status":"publish","type":"product","link":"https:\/\/www.chateaulesbertrands.com\/fr\/produit\/cuvee-prestige-rouge3\/","title":{"rendered":"Cuv\u00e9e prestige rouge 2023"},"content":{"rendered":"","protected":false},"excerpt":{"rendered":"<p><span style=\"letter-spacing: 0.05em;\">Elev\u00e9 en f\u00fbts de ch\u00eane<\/span><\/p>\n<p><u>Origines\u00a0<\/u>: Famille Dubois, propri\u00e9taires. Propri\u00e9t\u00e9 familiale agrandie au fil des d\u00e9cennies.<\/p>\n<p><u>Situation\u00a0<\/u>: Reignac \u00e0 18 kms de Blaye, 50 kms de Bordeaux, rive droite de la Gironde. Majorit\u00e9 de pentes sud et plateaux.<\/p>\n<p><u>Superficie\u00a0<\/u>: 15 hectares (4 000 pieds par hectare)<\/p>\n<p><u>Nature du sol\u00a0<\/u>: Graves, sables grossiers et fins, quelques graves argileuses, sous sol : grave argileuse avec quelques alios<\/p>\n<p><u>Production\u00a0<\/u>: 45 hectolitres par hectare. Palissage vertical, vendange verte, effeuillage<\/p>\n<p><u>Enc\u00e9pagement\u00a0<\/u>: 50% Merlot, 50% Cabernet Sauvignon. Vignes de 25 ans d&rsquo;\u00e2ge<\/p>\n<p><u>Vendange et vinification\u00a0<\/u>: Raisins vendang\u00e9s \u00e0 maturit\u00e9 optimale, table de tri, \u00e9raflage, foulage, mac\u00e9ration et fermentation en cuves inox thermo-r\u00e9gul\u00e9es<\/p>\n<p><u>Elevage\u00a0<\/u>: En barriques pendant un an, avec 33% de f\u00fbts neufs, 33% de f\u00fbts d&rsquo;un an et 33% de f\u00fbts de 2 ans<\/p>\n<p><u>D\u00e9gustation\u00a0<\/u>: Vin riche et puissant, \u00e9quilibr\u00e9. Nez de torrefaction, amande, vanille. Attaque ronde, tanins fins et puissants. Finale longue, agr\u00e9able.<\/p>\n<p><u>Garde\u00a0<\/u>: 6 \u00e0 12 ans<\/p>\n","protected":false},"featured_media":317,"comment_status":"closed","ping_status":"closed","template":"","meta":[],"product_cat":[21,24],"product_tag":[],"class_list":{"0":"post-1712","1":"product","2":"type-product","3":"status-publish","4":"has-post-thumbnail","6":"product_cat-rouge","7":"product_cat-bouteilles","9":"first","10":"onbackorder","11":"taxable","12":"shipping-taxable","13":"purchasable","14":"product-type-simple"},"_links":{"self":[{"href":"https:\/\/www.chateaulesbertrands.com\/fr\/wp-json\/wp\/v2\/product\/1712","targetHints":{"allow":["GET"]}}],"collection":[{"href":"https:\/\/www.chateaulesbertrands.com\/fr\/wp-json\/wp\/v2\/product"}],"about":[{"href":"https:\/\/www.chateaulesbertrands.com\/fr\/wp-json\/wp\/v2\/types\/product"}],"replies":[{"embeddable":true,"href":"https:\/\/www.chateaulesbertrands.com\/fr\/wp-json\/wp\/v2\/comments?post=1712"}],"wp:featuredmedia":[{"embeddable":true,"href":"https:\/\/www.chateaulesbertrands.com\/fr\/wp-json\/wp\/v2\/media\/317"}],"wp:attachment":[{"href":"https:\/\/www.chateaulesbertrands.com\/fr\/wp-json\/wp\/v2\/media?parent=1712"}],"wp:term":[{"taxonomy":"product_cat","embeddable":true,"href":"https:\/\/www.chateaulesbertrands.com\/fr\/wp-json\/wp\/v2\/product_cat?post=1712"},{"taxonomy":"product_tag","embeddable":true,"href":"https:\/\/www.chateaulesbertrands.com\/fr\/wp-json\/wp\/v2\/product_tag?post=1712"}],"curies":[{"name":"wp","href":"https:\/\/api.w.org\/{rel}","templated":true}]}}