{"id":192,"date":"2017-10-23T16:00:41","date_gmt":"2017-10-23T14:00:41","guid":{"rendered":"http:\/\/www.chateaulesbertrands.com\/?post_type=product&#038;p=192\/"},"modified":"2026-01-26T11:32:12","modified_gmt":"2026-01-26T10:32:12","slug":"cuvee-vieilles-vignes-rouge","status":"publish","type":"product","link":"https:\/\/www.chateaulesbertrands.com\/fr\/produit\/cuvee-vieilles-vignes-rouge\/","title":{"rendered":"Cuv\u00e9e vieilles vignes rouge 2022"},"content":{"rendered":"","protected":false},"excerpt":{"rendered":"<p>M\u00e9daille d&rsquo;Or Concours F\u00e9minalise 2024<\/p>\n<p><u>Origines\u00a0<\/u>: Famille Dubois, propri\u00e9taires. Propri\u00e9t\u00e9 familiale agrandie au fil des d\u00e9cennies.<\/p>\n<p><u>Situation\u00a0<\/u>: Reignac \u00e0 18 kms de Blaye, 50 kms de Bordeaux, rive droite de la Gironde. Majorit\u00e9 de pentes sud et plateaux.<\/p>\n<p><u>Superficie\u00a0<\/u>: 20 hectares (4 000 pieds par hectare)<\/p>\n<p><u>Nature du sol\u00a0<\/u>: Graves, sables grossiers et fins, quelques graves argileuses, sous sol : grave argileuse avec quelques alios<\/p>\n<p><u>Production\u00a0<\/u>: 45 hectolitres par hectare. Palissage vertical, vendange verte<\/p>\n<p><u>Enc\u00e9pagement\u00a0<\/u>: 70% Merlot, 30% Cabernet Sauvignon. Vignes de 35 ans d&rsquo;\u00e2ge en moyenne<\/p>\n<p><u>Vendange et vinification\u00a0<\/u>: Raisins vendang\u00e9s \u00e0 maturit\u00e9 optimale, table de tri, \u00e9raflage, foulage, mac\u00e9ration et fermentation en cuves inox thermo-r\u00e9gul\u00e9es<\/p>\n<p><u>Elevage\u00a0<\/u>: En cuves inox et ciment pendant 15 mois<\/p>\n<p><u>D\u00e9gustation\u00a0<\/u>: Vin fruit\u00e9, agr\u00e9able, fin. Nez de fruits rouges : cassis, framboise, cerise. Attaque souple, tanins fins. Vin rond, riche et puissant. Finale longue et agr\u00e9able<\/p>\n<p><u>Garde\u00a0<\/u>: 6 \u00e0 10 an<\/p>\n","protected":false},"featured_media":3459,"comment_status":"closed","ping_status":"closed","template":"","meta":[],"product_cat":[21,24],"product_tag":[],"class_list":{"0":"post-192","1":"product","2":"type-product","3":"status-publish","4":"has-post-thumbnail","6":"product_cat-rouge","7":"product_cat-bouteilles","9":"first","10":"instock","11":"featured","12":"taxable","13":"shipping-taxable","14":"purchasable","15":"product-type-simple"},"_links":{"self":[{"href":"https:\/\/www.chateaulesbertrands.com\/fr\/wp-json\/wp\/v2\/product\/192","targetHints":{"allow":["GET"]}}],"collection":[{"href":"https:\/\/www.chateaulesbertrands.com\/fr\/wp-json\/wp\/v2\/product"}],"about":[{"href":"https:\/\/www.chateaulesbertrands.com\/fr\/wp-json\/wp\/v2\/types\/product"}],"replies":[{"embeddable":true,"href":"https:\/\/www.chateaulesbertrands.com\/fr\/wp-json\/wp\/v2\/comments?post=192"}],"wp:featuredmedia":[{"embeddable":true,"href":"https:\/\/www.chateaulesbertrands.com\/fr\/wp-json\/wp\/v2\/media\/3459"}],"wp:attachment":[{"href":"https:\/\/www.chateaulesbertrands.com\/fr\/wp-json\/wp\/v2\/media?parent=192"}],"wp:term":[{"taxonomy":"product_cat","embeddable":true,"href":"https:\/\/www.chateaulesbertrands.com\/fr\/wp-json\/wp\/v2\/product_cat?post=192"},{"taxonomy":"product_tag","embeddable":true,"href":"https:\/\/www.chateaulesbertrands.com\/fr\/wp-json\/wp\/v2\/product_tag?post=192"}],"curies":[{"name":"wp","href":"https:\/\/api.w.org\/{rel}","templated":true}]}}