{"id":2977,"date":"2024-03-22T15:39:34","date_gmt":"2024-03-22T14:39:34","guid":{"rendered":"https:\/\/www.chateaulesbertrands.com\/?post_type=product&#038;p=2977"},"modified":"2026-01-26T11:43:07","modified_gmt":"2026-01-26T10:43:07","slug":"le-petit-fils-2023","status":"publish","type":"product","link":"https:\/\/www.chateaulesbertrands.com\/fr\/produit\/le-petit-fils-2023\/","title":{"rendered":"LE PETIT FILS 2023"},"content":{"rendered":"","protected":false},"excerpt":{"rendered":"<p>Dans cette bouteille, retrouvez l&#8217;empreinte de 3 g\u00e9n\u00e9rations : transmission, ambition et innovation. Cette nouvelle cuv\u00e9e lanc\u00e9e par Amaury, le petit-fils vous offrira une belle fra\u00eecheur et une explosion de fruits.<\/p>\n<p><u>Origines\u00a0<\/u>: Famille Dubois, propri\u00e9taires. Propri\u00e9t\u00e9 familiale agrandie au fil des d\u00e9c\u00e9nnies.<\/p>\n<p><u>Situation\u00a0<\/u>: Reignac \u00e0 18 kms de Blaye, 50 kms de Bordeaux, rive droite de la Gironde. Majorit\u00e9 de pentes sud et plateaux.<\/p>\n<p><u>Superficie\u00a0<\/u>: micro-cuv\u00e9e. 1,5 hectares sur un c\u00f4teau<\/p>\n<p><u>Nature du sol\u00a0<\/u>: Graves, sables grossiers et fins, quelques graves argileuses, sous sol : grave argileuse avec quelques alios<\/p>\n<p><u>Enc\u00e9pagement\u00a0<\/u>: 70% Merlot, 30% Malbec<\/p>\n<p><u>Vendange et vinification\u00a0<\/u>: Vendanges m\u00e9caniques la nuit. Fermentation \u00e0 froid en cuves inox thermor\u00e9gul\u00e9es.<\/p>\n<p><u>Elevage\u00a0<\/u>: En cuves inox pendant 6 mois<\/p>\n<p><u>D\u00e9gustation\u00a0<\/u>: Vin rond, souple et fruit\u00e9 avec une belle fra\u00eecheur. Au nez et en bouche, une explosions de fruits rouges : fraise, framboise, cerise.<\/p>\n<p><u>Accords mets-vin <\/u>: Parfait \u00e0 l&rsquo;ap\u00e9rtifif, il accompagnera \u00e9galement des brochettes de viandes et de l\u00e9gumes, un barbecue, une salade compos\u00e9es ou des desserts \u00e0 base de fruits rouges. A boire l\u00e9g\u00e8rement frais entre 14 et 16\u00b0.<\/p>\n<p><u>Garde\u00a0<\/u>: 6 \u00e0 8 ans<\/p>\n","protected":false},"featured_media":2978,"comment_status":"closed","ping_status":"closed","template":"","meta":[],"product_cat":[21,24],"product_tag":[],"class_list":{"0":"post-2977","1":"product","2":"type-product","3":"status-publish","4":"has-post-thumbnail","6":"product_cat-rouge","7":"product_cat-bouteilles","9":"first","10":"instock","11":"taxable","12":"shipping-taxable","13":"purchasable","14":"product-type-simple"},"_links":{"self":[{"href":"https:\/\/www.chateaulesbertrands.com\/fr\/wp-json\/wp\/v2\/product\/2977","targetHints":{"allow":["GET"]}}],"collection":[{"href":"https:\/\/www.chateaulesbertrands.com\/fr\/wp-json\/wp\/v2\/product"}],"about":[{"href":"https:\/\/www.chateaulesbertrands.com\/fr\/wp-json\/wp\/v2\/types\/product"}],"replies":[{"embeddable":true,"href":"https:\/\/www.chateaulesbertrands.com\/fr\/wp-json\/wp\/v2\/comments?post=2977"}],"wp:featuredmedia":[{"embeddable":true,"href":"https:\/\/www.chateaulesbertrands.com\/fr\/wp-json\/wp\/v2\/media\/2978"}],"wp:attachment":[{"href":"https:\/\/www.chateaulesbertrands.com\/fr\/wp-json\/wp\/v2\/media?parent=2977"}],"wp:term":[{"taxonomy":"product_cat","embeddable":true,"href":"https:\/\/www.chateaulesbertrands.com\/fr\/wp-json\/wp\/v2\/product_cat?post=2977"},{"taxonomy":"product_tag","embeddable":true,"href":"https:\/\/www.chateaulesbertrands.com\/fr\/wp-json\/wp\/v2\/product_tag?post=2977"}],"curies":[{"name":"wp","href":"https:\/\/api.w.org\/{rel}","templated":true}]}}