{"id":3122,"date":"2024-07-09T17:05:25","date_gmt":"2024-07-09T15:05:25","guid":{"rendered":"https:\/\/www.chateaulesbertrands.com\/?post_type=product&#038;p=3122"},"modified":"2026-04-30T11:48:29","modified_gmt":"2026-04-30T09:48:29","slug":"linstant-rose-2025-promotion-5","status":"publish","type":"product","link":"https:\/\/www.chateaulesbertrands.com\/fr\/produit\/linstant-rose-2025-promotion-5\/","title":{"rendered":"L&rsquo;instant ros\u00e9 2025 PROMOTION 5+1"},"content":{"rendered":"","protected":false},"excerpt":{"rendered":"<p><span style=\"color: #ff0000;\"><strong><u>*PROMOTION 5+1 :<\/u> Valable jusqu\u2019au 31 mai 2026. Pour 5 bouteilles achet\u00e9es, 1 bouteille est offerte. Soit la bouteille \u00e0 6.33 \u20ac au lieu de 7.60 \u20ac. Offre valable uniquement pour l\u2019achat de 6 bouteilles. Dans la limite des stocks disponibles. Exp\u00e9dition \u00e0 la commande.<\/strong><\/span><\/p>\n<p><u>Origines\u00a0<\/u>: Famille Dubois, propri\u00e9taires. Propri\u00e9t\u00e9 familiale agrandie au fil des d\u00e9cennies.<\/p>\n<p><u>Situation\u00a0<\/u>: Reignac \u00e0 18 kms de Blaye, 50 kms de Bordeaux, rive droite de la Gironde. Majorit\u00e9 de pentes sud et plateaux.<\/p>\n<p><u>Superficie\u00a0<\/u>: 2\u00a0hectares<\/p>\n<p><u>Nature du sol\u00a0<\/u>: Graves, sables grossiers et fins, quelques graves argileuses, sous sol : grave argileuse avec quelques alios<\/p>\n<p><u>Production\u00a0<\/u>:10 000\u00a0bouteilles<\/p>\n<p><u>Enc\u00e9pagement\u00a0<\/u>: 80% Merlot, 20% Cabernet-Sauvignon<\/p>\n<p><u>Vendange et vinification\u00a0<\/u>: Vendange la nuit, fermentation en cuves inox thermos-r\u00e9gul\u00e9es,<\/p>\n<p><u>\u00c9levage <\/u>:\u00a0\u00e9levage sur lie pendant 3 mois<\/p>\n<p><u>D\u00e9gustation\u00a0<\/u>: Couleur rose pale, vif fruit\u00e9 intense avec des notes de fruits rouges (fraise) et de fleurs (p\u00e9tale de rose).<\/p>\n<p><u>Garde\u00a0<\/u>: 2 \u00e0 3 ans<\/p>\n<p><u>Composition\u00a0<\/u>: Alcool 12.5%<\/p>\n","protected":false},"featured_media":3649,"comment_status":"closed","ping_status":"closed","template":"","meta":[],"product_cat":[23,24],"product_tag":[],"class_list":{"0":"post-3122","1":"product","2":"type-product","3":"status-publish","4":"has-post-thumbnail","6":"product_cat-rose","7":"product_cat-bouteilles","9":"first","10":"instock","11":"sale","12":"taxable","13":"shipping-taxable","14":"purchasable","15":"product-type-simple"},"_links":{"self":[{"href":"https:\/\/www.chateaulesbertrands.com\/fr\/wp-json\/wp\/v2\/product\/3122","targetHints":{"allow":["GET"]}}],"collection":[{"href":"https:\/\/www.chateaulesbertrands.com\/fr\/wp-json\/wp\/v2\/product"}],"about":[{"href":"https:\/\/www.chateaulesbertrands.com\/fr\/wp-json\/wp\/v2\/types\/product"}],"replies":[{"embeddable":true,"href":"https:\/\/www.chateaulesbertrands.com\/fr\/wp-json\/wp\/v2\/comments?post=3122"}],"wp:featuredmedia":[{"embeddable":true,"href":"https:\/\/www.chateaulesbertrands.com\/fr\/wp-json\/wp\/v2\/media\/3649"}],"wp:attachment":[{"href":"https:\/\/www.chateaulesbertrands.com\/fr\/wp-json\/wp\/v2\/media?parent=3122"}],"wp:term":[{"taxonomy":"product_cat","embeddable":true,"href":"https:\/\/www.chateaulesbertrands.com\/fr\/wp-json\/wp\/v2\/product_cat?post=3122"},{"taxonomy":"product_tag","embeddable":true,"href":"https:\/\/www.chateaulesbertrands.com\/fr\/wp-json\/wp\/v2\/product_tag?post=3122"}],"curies":[{"name":"wp","href":"https:\/\/api.w.org\/{rel}","templated":true}]}}