{"id":321,"date":"2017-10-10T17:52:21","date_gmt":"2017-10-10T15:52:21","guid":{"rendered":"http:\/\/www.chateaulesbertrands.com\/?post_type=product&#038;p=321\/"},"modified":"2026-01-26T11:37:20","modified_gmt":"2026-01-26T10:37:20","slug":"cuvee-authentique","status":"publish","type":"product","link":"https:\/\/www.chateaulesbertrands.com\/fr\/produit\/cuvee-authentique\/","title":{"rendered":"Cuv\u00e9e authentique 2025"},"content":{"rendered":"","protected":false},"excerpt":{"rendered":"<p>Sans soufre ajout\u00e9<\/p>\n<p><u>Origines\u00a0<\/u>: Famille Dubois, propri\u00e9t\u00e9 familiale agrandie au fil des d\u00e9c\u00e9nies.<\/p>\n<p><u>Situation\u00a0<\/u>: Reignac \u00e0 18 kms de Blaye, 50 kms de Bordeaux, rive droite de la Gironde. Majorit\u00e9 de pentes sud et plateaux.<\/p>\n<p><u>Superficie\u00a0<\/u>: 2 hectares<\/p>\n<p><u>Nature du sol\u00a0<\/u>: Graves, sables grossiers et fins, quelques graves argileuses. Sous-sol : grave argileuse avec quelques alios.<\/p>\n<p><u>Production\u00a0<\/u>: 9 000 bouteilles<\/p>\n<p><u>Enc\u00e9pagement\u00a0<\/u>: 100% Merlot<\/p>\n<p><u>Vendange et vinification\u00a0<\/u>: A maturation optimale, table de tri, \u00e9raflage, foulage, mac\u00e9ration en cuves inox thermo-r\u00e9gul\u00e9es.<\/p>\n<p><u>Elevage\u00a0<\/u>: En cuves inox<\/p>\n<p><u>D\u00e9gustation\u00a0<\/u>: Vin fruit\u00e9, agr\u00e9able, fin. Ar\u00f4mes de baies rouges fra\u00eeches, (le cassis, la framboise, la groseille) et de tabac blond. Tr\u00e8s bonne harmonie. Vin rond, souple et velout\u00e9.<\/p>\n<p><u>Garde\u00a0<\/u>: 2 \u00e0 3 ans<\/p>\n<p><u>Particularit\u00e9\u00a0<\/u>: Vinification, \u00e9levage et mise en bouteille sans produits chimiques ni sulfites<\/p>\n","protected":false},"featured_media":322,"comment_status":"closed","ping_status":"closed","template":"","meta":[],"product_cat":[21,24],"product_tag":[],"class_list":{"0":"post-321","1":"product","2":"type-product","3":"status-publish","4":"has-post-thumbnail","6":"product_cat-rouge","7":"product_cat-bouteilles","9":"first","10":"instock","11":"taxable","12":"shipping-taxable","13":"purchasable","14":"product-type-simple"},"_links":{"self":[{"href":"https:\/\/www.chateaulesbertrands.com\/fr\/wp-json\/wp\/v2\/product\/321","targetHints":{"allow":["GET"]}}],"collection":[{"href":"https:\/\/www.chateaulesbertrands.com\/fr\/wp-json\/wp\/v2\/product"}],"about":[{"href":"https:\/\/www.chateaulesbertrands.com\/fr\/wp-json\/wp\/v2\/types\/product"}],"replies":[{"embeddable":true,"href":"https:\/\/www.chateaulesbertrands.com\/fr\/wp-json\/wp\/v2\/comments?post=321"}],"wp:featuredmedia":[{"embeddable":true,"href":"https:\/\/www.chateaulesbertrands.com\/fr\/wp-json\/wp\/v2\/media\/322"}],"wp:attachment":[{"href":"https:\/\/www.chateaulesbertrands.com\/fr\/wp-json\/wp\/v2\/media?parent=321"}],"wp:term":[{"taxonomy":"product_cat","embeddable":true,"href":"https:\/\/www.chateaulesbertrands.com\/fr\/wp-json\/wp\/v2\/product_cat?post=321"},{"taxonomy":"product_tag","embeddable":true,"href":"https:\/\/www.chateaulesbertrands.com\/fr\/wp-json\/wp\/v2\/product_tag?post=321"}],"curies":[{"name":"wp","href":"https:\/\/api.w.org\/{rel}","templated":true}]}}