{"id":329,"date":"2017-05-10T18:03:48","date_gmt":"2017-05-10T16:03:48","guid":{"rendered":"http:\/\/www.chateaulesbertrands.com\/?post_type=product&#038;p=329\/"},"modified":"2025-09-17T09:45:22","modified_gmt":"2025-09-17T07:45:22","slug":"nectar-des-bertrands-2022","status":"publish","type":"product","link":"https:\/\/www.chateaulesbertrands.com\/fr\/produit\/nectar-des-bertrands-2022\/","title":{"rendered":"Nectar des Bertrands 2022"},"content":{"rendered":"","protected":false},"excerpt":{"rendered":"<p>91\/100 James Suckling<\/p>\n<p><u>Origines\u00a0<\/u>: Famille Dubois, propri\u00e9taires. Propri\u00e9t\u00e9 familiale agrandie au fil des d\u00e9cennies.<\/p>\n<p><u>Situation\u00a0<\/u>: Reignac \u00e0 18 kms de Blaye, 50 kms de Bordeaux, rive droite de la Gironde. Majorit\u00e9 de pentes sud et plateaux.<\/p>\n<p><u>Superficie\u00a0<\/u>: 3 hectares<\/p>\n<p><u>Nature du sol\u00a0<\/u>: Graves, sables grossiers et fins, quelques graves argileuses, sous sol : grave argileuse avec quelques alios<\/p>\n<p><u>Production\u00a0<\/u>: 35 hectolitres par hectare. Palissage vertical, vendange verte, effeuillage<\/p>\n<p><u>Enc\u00e9pagement\u00a0<\/u>: 95% Merlot, 5% Cabernet Sauvignon<\/p>\n<p><u>Vendange et vinification\u00a0<\/u>: Raisins vendang\u00e9s \u00e0 maturit\u00e9 optimale, table de tri, \u00e9raflage, foulage, ma\u00eetrise des temp\u00e9ratures, cuvaison longue, fermentation malolactique en barriques neuves<\/p>\n<p><u>\u00c9levage <\/u>: 17 mois en barriques neuves, 100% ch\u00eane fran\u00e7ais<\/p>\n<p><u>D\u00e9gustation\u00a0<\/u>: Couleur rubis tr\u00e8s intense, ar\u00f4mes tr\u00e8s puissants de fruits noirs avec des notes grill\u00e9es et fum\u00e9es. En bouche, l&rsquo;attaque est souple, ronde, \u00e9quilibr\u00e9e avec une grande structure. La finale est longue et agr\u00e9able. Gros potentiel de vieillissement.<\/p>\n<p><u>Garde\u00a0<\/u>: 10 \u00e0 15 ans<\/p>\n","protected":false},"featured_media":2609,"comment_status":"closed","ping_status":"closed","template":"","meta":[],"product_cat":[21,24],"product_tag":[],"class_list":{"0":"post-329","1":"product","2":"type-product","3":"status-publish","4":"has-post-thumbnail","6":"product_cat-rouge","7":"product_cat-bouteilles","9":"first","10":"instock","11":"taxable","12":"shipping-taxable","13":"purchasable","14":"product-type-simple"},"_links":{"self":[{"href":"https:\/\/www.chateaulesbertrands.com\/fr\/wp-json\/wp\/v2\/product\/329","targetHints":{"allow":["GET"]}}],"collection":[{"href":"https:\/\/www.chateaulesbertrands.com\/fr\/wp-json\/wp\/v2\/product"}],"about":[{"href":"https:\/\/www.chateaulesbertrands.com\/fr\/wp-json\/wp\/v2\/types\/product"}],"replies":[{"embeddable":true,"href":"https:\/\/www.chateaulesbertrands.com\/fr\/wp-json\/wp\/v2\/comments?post=329"}],"wp:featuredmedia":[{"embeddable":true,"href":"https:\/\/www.chateaulesbertrands.com\/fr\/wp-json\/wp\/v2\/media\/2609"}],"wp:attachment":[{"href":"https:\/\/www.chateaulesbertrands.com\/fr\/wp-json\/wp\/v2\/media?parent=329"}],"wp:term":[{"taxonomy":"product_cat","embeddable":true,"href":"https:\/\/www.chateaulesbertrands.com\/fr\/wp-json\/wp\/v2\/product_cat?post=329"},{"taxonomy":"product_tag","embeddable":true,"href":"https:\/\/www.chateaulesbertrands.com\/fr\/wp-json\/wp\/v2\/product_tag?post=329"}],"curies":[{"name":"wp","href":"https:\/\/api.w.org\/{rel}","templated":true}]}}