{"id":342,"date":"2017-05-10T18:19:58","date_gmt":"2017-05-10T16:19:58","guid":{"rendered":"http:\/\/www.chateaulesbertrands.com\/?post_type=product&#038;p=342\/"},"modified":"2026-01-26T11:41:06","modified_gmt":"2026-01-26T10:41:06","slug":"bordeaux-clairet","status":"publish","type":"product","link":"https:\/\/www.chateaulesbertrands.com\/fr\/produit\/bordeaux-clairet\/","title":{"rendered":"Bordeaux clairet 2025"},"content":{"rendered":"","protected":false},"excerpt":{"rendered":"<p><u>Origines\u00a0<\/u>: Famille Dubois, propri\u00e9taires. Propri\u00e9t\u00e9 familiale agrandie au fil des d\u00e9cennies.<\/p>\n<p><u>Situation\u00a0<\/u>: Reignac \u00e0 18 kms de Blaye, 50 kms de Bordeaux, rive droite de la Gironde. Majorit\u00e9 de pentes sud et plateaux.<\/p>\n<p><u>Superficie\u00a0<\/u>: 3 hectares<\/p>\n<p><u>Nature du sol\u00a0<\/u>: Graves, sables grossiers et fins, quelques graves argileuses, sous sol : grave argileuse avec quelques alios<\/p>\n<p><u>Production\u00a0<\/u>: 50 hectolitres par hectare<\/p>\n<p><u>Enc\u00e9pagement\u00a0<\/u>: 70% Merlot et 30% Cabernet Sauvignon (4 000 pieds par hectare)<\/p>\n<p><u>Vendange et vinification\u00a0<\/u>: Raisins vendang\u00e9s \u00e0 l&rsquo;optimum de la maturit\u00e9, mac\u00e9ration pelliculaire \u00e0 50% et pressurage direct 50%, table de tri et s\u00e9lection des jus, fermentation en cuves inox thermo-r\u00e9gul\u00e9es<\/p>\n<p><u>\u00c9levage <\/u>: Vin issu de \u00ab\u00a0saign\u00e9e\u00a0\u00bb (extraction du premier jus apr\u00e8s 24 heures de mac\u00e9ration). Il est ferment\u00e9 comme un vin blanc \u00e0 18\u00b0 pour garder le fruit et les ar\u00f4mes \u00e0 temp\u00e9rature contr\u00f4l\u00e9e. Pas de fermentation malolactique. \u00c9levage sur lies pendant 3 mois en cuves inox<\/p>\n<p><u>D\u00e9gustation et notori\u00e9t\u00e9<\/u>: Vin fruit\u00e9 et parfum\u00e9, convient parfaitement aux pizzas, grillades, salades, couscous et plats asiatiques. Ar\u00f4mes de fraise et framboise<\/p>\n<p><u>Garde\u00a0<\/u>: 2 ans<\/p>\n","protected":false},"featured_media":343,"comment_status":"closed","ping_status":"closed","template":"","meta":[],"product_cat":[23,24],"product_tag":[],"class_list":{"0":"post-342","1":"product","2":"type-product","3":"status-publish","4":"has-post-thumbnail","6":"product_cat-rose","7":"product_cat-bouteilles","9":"first","10":"instock","11":"taxable","12":"shipping-taxable","13":"purchasable","14":"product-type-simple"},"_links":{"self":[{"href":"https:\/\/www.chateaulesbertrands.com\/fr\/wp-json\/wp\/v2\/product\/342","targetHints":{"allow":["GET"]}}],"collection":[{"href":"https:\/\/www.chateaulesbertrands.com\/fr\/wp-json\/wp\/v2\/product"}],"about":[{"href":"https:\/\/www.chateaulesbertrands.com\/fr\/wp-json\/wp\/v2\/types\/product"}],"replies":[{"embeddable":true,"href":"https:\/\/www.chateaulesbertrands.com\/fr\/wp-json\/wp\/v2\/comments?post=342"}],"wp:featuredmedia":[{"embeddable":true,"href":"https:\/\/www.chateaulesbertrands.com\/fr\/wp-json\/wp\/v2\/media\/343"}],"wp:attachment":[{"href":"https:\/\/www.chateaulesbertrands.com\/fr\/wp-json\/wp\/v2\/media?parent=342"}],"wp:term":[{"taxonomy":"product_cat","embeddable":true,"href":"https:\/\/www.chateaulesbertrands.com\/fr\/wp-json\/wp\/v2\/product_cat?post=342"},{"taxonomy":"product_tag","embeddable":true,"href":"https:\/\/www.chateaulesbertrands.com\/fr\/wp-json\/wp\/v2\/product_tag?post=342"}],"curies":[{"name":"wp","href":"https:\/\/api.w.org\/{rel}","templated":true}]}}