{"id":346,"date":"2017-05-10T18:21:26","date_gmt":"2017-05-10T16:21:26","guid":{"rendered":"http:\/\/www.chateaulesbertrands.com\/?post_type=product&#038;p=346\/"},"modified":"2026-01-26T11:41:58","modified_gmt":"2026-01-26T10:41:58","slug":"moelleux","status":"publish","type":"product","link":"https:\/\/www.chateaulesbertrands.com\/fr\/produit\/moelleux\/","title":{"rendered":"Moelleux 2024"},"content":{"rendered":"","protected":false},"excerpt":{"rendered":"<p><u>Origines\u00a0<\/u>: Famille Dubois, propri\u00e9taires. Propri\u00e9t\u00e9 familiale agrandie au fil des d\u00e9c\u00e9nnies.<\/p>\n<p><u>Situation\u00a0<\/u>: Reignac \u00e0 18 kms de Blaye, 50 kms de Bordeaux, rive droite de la Gironde. MAjorit\u00e9 de pentes sud et plateaux.<\/p>\n<p><u>Superficie\u00a0<\/u>: 1 hectare<\/p>\n<p><u>Nature du sol\u00a0<\/u>: Graves, sables grossiers et fins, quelques graves argileuses, sous sol : grave argileuse avec quelques alios<\/p>\n<p><u>Production\u00a0<\/u>: 5 000 bouteilles<\/p>\n<p><u>Enc\u00e9pagement\u00a0<\/u>: 100% de Sauvignon<\/p>\n<p><u>Vendange et vinification\u00a0<\/u>: Vendange tardive, fermentation en cuves inox thermo-r\u00e9gul\u00e9es, longue mac\u00e9ration<\/p>\n<p><u>Elevage\u00a0<\/u>: En cuves inox durant 6 mois<\/p>\n<p><u>D\u00e9gustation\u00a0<\/u>: Un vin fruit\u00e9, avec des ar\u00f4mes d&rsquo;ananas et de fruits exotiques. Il est rond avec une bonne structure<\/p>\n<p><u>Garde\u00a0<\/u>: 8 \u00e0 10 ans<\/p>\n<p><u>Composition\u00a0<\/u>: Alcool 11.5%, sucre 50 g\/L<\/p>\n","protected":false},"featured_media":3376,"comment_status":"closed","ping_status":"closed","template":"","meta":[],"product_cat":[22,24],"product_tag":[],"class_list":{"0":"post-346","1":"product","2":"type-product","3":"status-publish","4":"has-post-thumbnail","6":"product_cat-blanc","7":"product_cat-bouteilles","9":"first","10":"instock","11":"taxable","12":"shipping-taxable","13":"purchasable","14":"product-type-simple"},"_links":{"self":[{"href":"https:\/\/www.chateaulesbertrands.com\/fr\/wp-json\/wp\/v2\/product\/346","targetHints":{"allow":["GET"]}}],"collection":[{"href":"https:\/\/www.chateaulesbertrands.com\/fr\/wp-json\/wp\/v2\/product"}],"about":[{"href":"https:\/\/www.chateaulesbertrands.com\/fr\/wp-json\/wp\/v2\/types\/product"}],"replies":[{"embeddable":true,"href":"https:\/\/www.chateaulesbertrands.com\/fr\/wp-json\/wp\/v2\/comments?post=346"}],"wp:featuredmedia":[{"embeddable":true,"href":"https:\/\/www.chateaulesbertrands.com\/fr\/wp-json\/wp\/v2\/media\/3376"}],"wp:attachment":[{"href":"https:\/\/www.chateaulesbertrands.com\/fr\/wp-json\/wp\/v2\/media?parent=346"}],"wp:term":[{"taxonomy":"product_cat","embeddable":true,"href":"https:\/\/www.chateaulesbertrands.com\/fr\/wp-json\/wp\/v2\/product_cat?post=346"},{"taxonomy":"product_tag","embeddable":true,"href":"https:\/\/www.chateaulesbertrands.com\/fr\/wp-json\/wp\/v2\/product_tag?post=346"}],"curies":[{"name":"wp","href":"https:\/\/api.w.org\/{rel}","templated":true}]}}