{"id":3647,"date":"2026-04-30T10:39:14","date_gmt":"2026-04-30T08:39:14","guid":{"rendered":"https:\/\/www.chateaulesbertrands.com\/?post_type=product&#038;p=3647"},"modified":"2026-04-30T11:50:10","modified_gmt":"2026-04-30T09:50:10","slug":"cuvee-prestige-blanc-2024-promotion-5","status":"publish","type":"product","link":"https:\/\/www.chateaulesbertrands.com\/fr\/produit\/cuvee-prestige-blanc-2024-promotion-5\/","title":{"rendered":"Cuv\u00e9e prestige blanc 2024 &#8211; PROMOTION 5+1"},"content":{"rendered":"","protected":false},"excerpt":{"rendered":"<p><span style=\"color: #ff0000;\"><strong><u>*PROMOTION 5+1 :<\/u> Valable jusqu\u2019au 31 mai 2026. Pour 5 bouteilles achet\u00e9es, 1 bouteille est offerte. Soit la bouteille \u00e0 8.16 \u20ac au lieu de 9.80 \u20ac. Offre valable uniquement pour l\u2019achat de 6 bouteilles. Dans la limite des stocks disponibles. Exp\u00e9dition \u00e0 la commande<\/strong><\/span><\/p>\n<p>1 \u00e9toile au Guide Hachette 2026<\/p>\n<p><u>Origines\u00a0<\/u>: Famille Dubois, propri\u00e9taires. Propri\u00e9t\u00e9 familiale agrandie au fil des d\u00e9cennies.<\/p>\n<p><u>Situation\u00a0<\/u>: Reignac \u00e0 18 kms de Blaye, 50 kms de Bordeaux, rive droite de la Gironde. Majorit\u00e9 de pentes sud et plateaux.<\/p>\n<p><u>Superficie\u00a0<\/u>: 3 hectares pour la Cuv\u00e9e Prestige<\/p>\n<p><u>Nature du sol\u00a0<\/u>: Graves, sables grossiers et fins, quelques graves argileuses, sous sol : grave argileuse avec quelques alios<\/p>\n<p><u>Production\u00a0<\/u>: 45 hectolitres par hectare. Palissage vertical, vendange verte, effeuillage<\/p>\n<p><u>Enc\u00e9pagement\u00a0<\/u>: 100% de Sauvignon<\/p>\n<p><u>Vendange et vinification\u00a0<\/u>: Raisins vendang\u00e9s \u00e0 l&rsquo;optimum de la maturit\u00e9, mac\u00e9ration pelliculaire \u00e0 50% et pressurage direct 50%, table de tri et s\u00e9lection des jus, fermentation en barriques neuves, 100% ch\u00eane fran\u00e7ais<\/p>\n<p><u>\u00c9levage <\/u>: 6 mois en barriques neuves (ch\u00eane fran\u00e7ais). \u00c9levage sur lies jusqu&rsquo;\u00e0 la mise en bouteilles<\/p>\n<p><u>D\u00e9gustation\u00a0<\/u>: Vin aux parfums tr\u00e8s expressifs de notes fruit\u00e9es, florales et grill\u00e9es. La bouche est puissante, \u00e9quilibr\u00e9e avec une finale longue et fruit\u00e9e. Ar\u00f4mes de noisettes grill\u00e9es, p\u00eache, agrumes.<\/p>\n<p><u>Garde\u00a0<\/u>: 6 \u00e0 8 ans<\/p>\n","protected":false},"featured_media":3648,"comment_status":"closed","ping_status":"closed","template":"","meta":[],"product_cat":[22,24],"product_tag":[],"class_list":{"0":"post-3647","1":"product","2":"type-product","3":"status-publish","4":"has-post-thumbnail","6":"product_cat-blanc","7":"product_cat-bouteilles","9":"first","10":"instock","11":"sale","12":"taxable","13":"shipping-taxable","14":"purchasable","15":"product-type-simple"},"_links":{"self":[{"href":"https:\/\/www.chateaulesbertrands.com\/fr\/wp-json\/wp\/v2\/product\/3647","targetHints":{"allow":["GET"]}}],"collection":[{"href":"https:\/\/www.chateaulesbertrands.com\/fr\/wp-json\/wp\/v2\/product"}],"about":[{"href":"https:\/\/www.chateaulesbertrands.com\/fr\/wp-json\/wp\/v2\/types\/product"}],"replies":[{"embeddable":true,"href":"https:\/\/www.chateaulesbertrands.com\/fr\/wp-json\/wp\/v2\/comments?post=3647"}],"wp:featuredmedia":[{"embeddable":true,"href":"https:\/\/www.chateaulesbertrands.com\/fr\/wp-json\/wp\/v2\/media\/3648"}],"wp:attachment":[{"href":"https:\/\/www.chateaulesbertrands.com\/fr\/wp-json\/wp\/v2\/media?parent=3647"}],"wp:term":[{"taxonomy":"product_cat","embeddable":true,"href":"https:\/\/www.chateaulesbertrands.com\/fr\/wp-json\/wp\/v2\/product_cat?post=3647"},{"taxonomy":"product_tag","embeddable":true,"href":"https:\/\/www.chateaulesbertrands.com\/fr\/wp-json\/wp\/v2\/product_tag?post=3647"}],"curies":[{"name":"wp","href":"https:\/\/api.w.org\/{rel}","templated":true}]}}