{"id":744,"date":"2017-10-23T16:12:32","date_gmt":"2017-10-23T14:12:32","guid":{"rendered":"http:\/\/www.chateaulesbertrands.com\/?post_type=product&#038;p=744"},"modified":"2026-01-26T11:42:27","modified_gmt":"2026-01-26T10:42:27","slug":"cremant-de-bordeaux","status":"publish","type":"product","link":"https:\/\/www.chateaulesbertrands.com\/fr\/produit\/cremant-de-bordeaux\/","title":{"rendered":"Cr\u00e9mant de Bordeaux"},"content":{"rendered":"","protected":false},"excerpt":{"rendered":"<p><u>Nature du sol\u00a0<\/u>: Sablo-graveleux<\/p>\n<p><u>Enc\u00e9pagement\u00a0<\/u>: 50% Cabernet Franc, 30% S\u00e9millon, 20% Muscadelle<\/p>\n<p><u>Vendange et vinification\u00a0<\/u>: M\u00e9thode traditionnelle : vendanges manuelles d\u00e9but septembre. Pressurage puis premi\u00e8re fermentation en cuves r\u00e9frig\u00e9r\u00e9es. Deuxi\u00e8me fermentation en bouteilles.<\/p>\n<p><u>D\u00e9gustation\u00a0<\/u>: Nez fruit\u00e9 de p\u00eache, poire et noisette. Bulles fines et r\u00e9guli\u00e8res. Bouche fra\u00eeche et \u00e9quilibr\u00e9e avec une finale l\u00e9g\u00e8rement beurr\u00e9e.<\/p>\n","protected":false},"featured_media":2219,"comment_status":"closed","ping_status":"closed","template":"","meta":[],"product_cat":[28,24],"product_tag":[],"class_list":{"0":"post-744","1":"product","2":"type-product","3":"status-publish","4":"has-post-thumbnail","6":"product_cat-cremant","7":"product_cat-bouteilles","9":"first","10":"instock","11":"taxable","12":"shipping-taxable","13":"purchasable","14":"product-type-simple"},"_links":{"self":[{"href":"https:\/\/www.chateaulesbertrands.com\/fr\/wp-json\/wp\/v2\/product\/744","targetHints":{"allow":["GET"]}}],"collection":[{"href":"https:\/\/www.chateaulesbertrands.com\/fr\/wp-json\/wp\/v2\/product"}],"about":[{"href":"https:\/\/www.chateaulesbertrands.com\/fr\/wp-json\/wp\/v2\/types\/product"}],"replies":[{"embeddable":true,"href":"https:\/\/www.chateaulesbertrands.com\/fr\/wp-json\/wp\/v2\/comments?post=744"}],"wp:featuredmedia":[{"embeddable":true,"href":"https:\/\/www.chateaulesbertrands.com\/fr\/wp-json\/wp\/v2\/media\/2219"}],"wp:attachment":[{"href":"https:\/\/www.chateaulesbertrands.com\/fr\/wp-json\/wp\/v2\/media?parent=744"}],"wp:term":[{"taxonomy":"product_cat","embeddable":true,"href":"https:\/\/www.chateaulesbertrands.com\/fr\/wp-json\/wp\/v2\/product_cat?post=744"},{"taxonomy":"product_tag","embeddable":true,"href":"https:\/\/www.chateaulesbertrands.com\/fr\/wp-json\/wp\/v2\/product_tag?post=744"}],"curies":[{"name":"wp","href":"https:\/\/api.w.org\/{rel}","templated":true}]}}