{"id":44,"date":"2017-04-30T17:47:38","date_gmt":"2017-04-30T15:47:38","guid":{"rendered":"http:\/\/www.chateaulesbertrands.com\/%e4%bb%8b-%e7%bb%8d\/"},"modified":"2022-09-06T13:04:12","modified_gmt":"2022-09-06T11:04:12","slug":"%e4%bb%8b-%e7%bb%8d","status":"publish","type":"page","link":"https:\/\/www.chateaulesbertrands.com\/zh-hans\/","title":{"rendered":"\u4ecb \u7ecd"},"content":{"rendered":"<p>[vc_row layout=&#8221;fullwidth-visible&#8221; el_id=&#8221;banner-header&#8221;][vc_column][vc_single_image image=&#8221;2228&#8243; img_size=&#8221;full&#8221; alignment=&#8221;center&#8221;][\/vc_column][\/vc_row][vc_row layout=&#8221;boxed&#8221; css=&#8221;.vc_custom_1662462094567{margin-bottom: 50px !important;}&#8221;][vc_column][vc_video link=&#8221;https:\/\/youtu.be\/BsiUfvJgEcc&#8221; el_width=&#8221;70&#8243; align=&#8221;center&#8221;][\/vc_column][\/vc_row][vc_row layout=&#8221;boxed&#8221;][vc_column][vc_column_text]<\/p>\n<h2>\u8d1d\u548c\u5802\u9152\u5821<\/h2>\n<p>[\/vc_column_text][\/vc_column][\/vc_row][vc_row layout=&#8221;boxed&#8221;][vc_column offset=&#8221;vc_col-lg-6&#8243;][vc_column_text]\u8d1d\u548c\u5802\u9152\u5821\u4f4d\u4e8e\u6cd5\u56fd\u963f\u57fa\u5766\u5927\u533a\u5409\u4f26\u7279\u7701\u96f7\u5c3c\u4e9a\u514b\u9547\uff0c\u4e3a\u5e7f\u5927\u8461\u8404\u9152\u7231\u597d\u8005\u63d0\u4f9b\u591a\u79cd\u8461\u8404\u9152\uff1aAOC\u5e03\u62c9\u4f0a\u9996\u4e18\u5e72\u7ea2\u3001AOC\u5e03\u62c9\u4f0a\u9996\u4e18\u5e72\u767d\u3001\u6ce2\u5c14\u591a\u6843\u7ea2\u8461\u8404\u9152\u3001\u6ce2\u5c14\u591a\u4f18\u8d28\u751c\u767d\u8461\u8404\u9152\u7b49\u3002<br \/>\n\u6b22\u8fce\u60a8\u524d\u6765\u8d1d\u548c\u5802\u9152\u5821\u4eb2\u81ea\u54c1\u5c1d\uff0c\u4eab\u53d7\u8461\u8404\u9152\u7684\u7f8e\u5473\u4e4b\u65f6\u66f4\u53ef\u4ee5\u4eb2\u8fd1\u8461\u8404\u56ed\u3002\u60a8\u53ef\u4ee5\u5728\u9152\u5821\u5185\u6216\u5728\u6b64\u7f51\u7ad9\u4e0a\u6311\u9009\u5e76\u8d2d\u4e70\u8461\u8404\u9152\u3002<br \/>\n\u6765\u5427\uff01\u5c3d\u60c5\u4eab\u53d7\u6ce2\u5c14\u591a\u8461\u8404\u9152\u5e26\u6765\u7684\u5947\u5999\u611f\u53d7\u5427\uff01[\/vc_column_text][vc_row_inner][vc_column_inner offset=&#8221;vc_col-lg-6&#8243;][vc_column_text]<\/p>\n<h2>\u6839\u7684\u529b\u91cf<br \/>\n<small>De g\u00e9n\u00e9ration en g\u00e9n\u00e9ration<\/small><\/h2>\n<p>\u4e09\u4e2a\u4e16\u7eaa\u524d\uff0c\u6211\u4eec\u7684\u5148\u8f88\u7763\u535a.\u4f5b\u6717\u7d22\u74e6\u5148\u751f\u5728\u5e03\u62c9\u4f0a\u7684\u9ad8\u5730\u4e0a\u79cd\u4e0b\u4e86\u7b2c\u4e00\u8bfe\u8461\u8404\u6811\u3002\u5230\u5982\u4eca\u4e5d\u4ee3\u4eba\u8fc7\u53bb\u4e86\uff0c\u6211\u4eec\u4f9d\u7136\u5728\u8fd9\u91cc\uff0c\u7528\u4e0d\u53d8\u7684\u6fc0\u60c5\u548c\u4e0d\u53d8\u7684\u4fe1\u5ff5\u5ef6\u7eed\u7740\u5bb6\u65cf\u7684\u4e8b\u4e1a\u3002\u96be\u5f97\u7684\u571f\u58e4\uff0c\u4f18\u826f\u7684\u8461\u8404\u7530\u53ca\u5176\u917f\u51fa\u7684\u7f8e\u9152\u743c\u6d46\u5c06\u6211\u4eec\u548c\u9152\u5e84\u7d27\u7d27\u5730\u8054\u7cfb\u5728\u4e00\u8d77\u3002<\/p>\n<p>\u56db\u5341\u591a\u5e74\u524d\uff0c\u8ba9-\u76ae\u57c3\u5c14\u548c\u5c3c\u53ef\u5c14\u592b\u5987\u521b\u5efa\u4e86\u8d1d\u548c\u5802\u9152\u5821\u30021993\u5e74\u4ed6\u4eec\u7684\u513f\u5b50\u5362\u822a\u52a0\u5165\u4e86\u8fdb\u6765\u30022004\u5e74\u5362\u822a\u7684\u592b\u4eba\u4f0a\u838e\u8d1d\u5c14\u53ca\u5979\u7684\u59d0\u59d0\u7d22\u83f2\uff0c\u4e5f\u52a0\u5165\u4e86\u8fdb\u6765\u3002\u51e0\u5341\u5e74\u6765\u7763\u535a\u5bb6\u7684\u7236\u8f88\u5b50\u8f88\u98ce\u96e8\u540c\u821f\uff0c\u4e3a\u521b\u5efa\u9152\u5821\u7684\u8d35\u65cf\u54c1\u724c\u53ca\u5e03\u62c9\u4f0a\u9996\u4e18\u6ce2\u5c14\u591a\u6cbf\u5cb8\u6cd5\u5b9a\u4ea7\u533a\u9152\u7684\u79f0\u53f7\u800c\u5171\u6d12\u6c57\u6c34\u3002[\/vc_column_text][\/vc_column_inner][vc_column_inner offset=&#8221;vc_col-lg-6&#8243;][vc_column_text]<\/p>\n<h2>Nos vignes<br \/>\n<small>Grande diversit\u00e9 des terroirs<\/small><\/h2>\n<p>\u7ecf\u8fc7\u7763\u535a\u5bb6\u65cf\u51e0\u4ee3\u4eba\u7684\u79ef\u7d2f\u4e0e\u7cbe\u5fc3\u7ecf\u8425\uff0c\u6211\u4eec\u9152\u5821\u7684\u79cd\u690d\u9762\u79ef\u5230\u5982\u4eca\u5df2\u8fbe\u5230\u4e86\u4e00\u767e\u591a\u516c\u9877\u3002\u5927\u591a\u7530\u5730\u671d\u5357\uff0c\u53ef\u4ee5\u4eab\u53d7\u5230\u5bf9\u8461\u8404\u8301\u58ee\u751f\u957f\u6781\u4e3a\u53ef\u8d35\u7684\u4e2d\u5348\u53ca\u4e0b\u5348\u7684\u65e5\u7167\u3002\u6211\u4eec\u9152\u5821\u683d\u57f9\u4e86\u591a\u79cd\u4f18\u826f\u7684\u8461\u8404\u54c1\u79cd\uff1a\u7528\u6765\u917f\u5236\u7ea2\u3001\u7c89\u7ea2\u8461\u8404\u9152\u7684\u7f8e\u4e50\u548c\u8d64\u971e\u73e0\uff0c\u7528\u6765\u917f\u5236\u767d\u8461\u8404\u9152\u7684\u957f\u76f8\u601d\u548c\u5bc6\u601d\u5361\u5cb1\uff0c\u7b49\u7b49\u3002<\/p>\n<p>\u9152\u5821\u6700\u9002\u5b9c\u8461\u8404\u751f\u957f\u7684\u783e\u77f3\u7802\u8d28\u571f\u58e4\uff0c\u4ee5\u53ca\u5145\u8db3\u7684\u65e5\u7167\u5219\u8d4b\u4e88\u4e86\u6211\u4eec\u7684\u8461\u8404\u9152\u4e30\u5bcc\u4f18\u96c5\u7684\u5185\u6db5\u3002[\/vc_column_text][\/vc_column_inner][\/vc_row_inner][\/vc_column][vc_column offset=&#8221;vc_col-lg-6&#8243;][vc_single_image image=&#8221;300&#8243; img_size=&#8221;full&#8221; alignment=&#8221;center&#8221;][\/vc_column][\/vc_row][vc_row layout=&#8221;boxed&#8221;][vc_column][vc_single_image image=&#8221;31&#8243; img_size=&#8221;full&#8221; alignment=&#8221;center&#8221;][\/vc_column][\/vc_row]<\/p>\n","protected":false},"excerpt":{"rendered":"<p>[vc_row layout=&#8221;fullwidth-visible&#8221; el_id=&#038;# [&hellip;]<\/p>\n","protected":false},"author":1,"featured_media":0,"parent":0,"menu_order":0,"comment_status":"closed","ping_status":"open","template":"","meta":{"footnotes":""},"class_list":["post-44","page","type-page","status-publish","hentry"],"_links":{"self":[{"href":"https:\/\/www.chateaulesbertrands.com\/zh-hans\/wp-json\/wp\/v2\/pages\/44","targetHints":{"allow":["GET"]}}],"collection":[{"href":"https:\/\/www.chateaulesbertrands.com\/zh-hans\/wp-json\/wp\/v2\/pages"}],"about":[{"href":"https:\/\/www.chateaulesbertrands.com\/zh-hans\/wp-json\/wp\/v2\/types\/page"}],"author":[{"embeddable":true,"href":"https:\/\/www.chateaulesbertrands.com\/zh-hans\/wp-json\/wp\/v2\/users\/1"}],"replies":[{"embeddable":true,"href":"https:\/\/www.chateaulesbertrands.com\/zh-hans\/wp-json\/wp\/v2\/comments?post=44"}],"version-history":[{"count":16,"href":"https:\/\/www.chateaulesbertrands.com\/zh-hans\/wp-json\/wp\/v2\/pages\/44\/revisions"}],"predecessor-version":[{"id":2299,"href":"https:\/\/www.chateaulesbertrands.com\/zh-hans\/wp-json\/wp\/v2\/pages\/44\/revisions\/2299"}],"wp:attachment":[{"href":"https:\/\/www.chateaulesbertrands.com\/zh-hans\/wp-json\/wp\/v2\/media?parent=44"}],"curies":[{"name":"wp","href":"https:\/\/api.w.org\/{rel}","templated":true}]}}